{"id":6,"date":"2024-11-29T21:41:29","date_gmt":"2024-11-29T21:41:29","guid":{"rendered":"https:\/\/playtoon.mx\/?page_id=6"},"modified":"2024-12-02T19:07:41","modified_gmt":"2024-12-02T19:07:41","slug":"preventivo","status":"publish","type":"page","link":"https:\/\/playtoon.mx\/","title":{"rendered":"Preventivo"},"content":{"rendered":"<p>[et_pb_section fb_built=&#8221;1&#8243; fullwidth=&#8221;on&#8221; disabled_on=&#8221;on|on|off&#8221; _builder_version=&#8221;4.23.1&#8243; _module_preset=&#8221;default&#8221; global_colors_info=&#8221;{}&#8221;][et_pb_fullwidth_slider _builder_version=&#8221;4.23.1&#8243; _module_preset=&#8221;default&#8221; custom_padding=&#8221;||407px|||&#8221; auto=&#8221;on&#8221; auto_speed=&#8221;3000&#8243; global_colors_info=&#8221;{}&#8221;][et_pb_slide _builder_version=&#8221;4.23.1&#8243; _module_preset=&#8221;default&#8221; background_color=&#8221;rgba(126,190,197,0)&#8221; background_enable_color=&#8221;on&#8221; background_image=&#8221;https:\/\/playtoon.mx\/wp-content\/uploads\/2024\/11\/banner_playtoon_01.jpg&#8221; background_enable_image=&#8221;on&#8221; global_colors_info=&#8221;{}&#8221; sticky_transition=&#8221;on&#8221;][\/et_pb_slide][et_pb_slide _builder_version=&#8221;4.23.1&#8243; _module_preset=&#8221;default&#8221; background_color=&#8221;rgba(126,190,197,0)&#8221; background_enable_color=&#8221;on&#8221; background_image=&#8221;https:\/\/playtoon.mx\/wp-content\/uploads\/2024\/11\/juegos_playtoon.jpg&#8221; background_enable_image=&#8221;on&#8221; global_colors_info=&#8221;{}&#8221; sticky_transition=&#8221;on&#8221;][\/et_pb_slide][et_pb_slide _builder_version=&#8221;4.23.1&#8243; _module_preset=&#8221;default&#8221; background_color=&#8221;rgba(126,190,197,0)&#8221; background_enable_color=&#8221;on&#8221; background_image=&#8221;https:\/\/playtoon.mx\/wp-content\/uploads\/2024\/11\/DSC09768.jpg&#8221; background_enable_image=&#8221;on&#8221; global_colors_info=&#8221;{}&#8221; sticky_transition=&#8221;on&#8221;][\/et_pb_slide][et_pb_slide _builder_version=&#8221;4.23.1&#8243; _module_preset=&#8221;default&#8221; background_color=&#8221;rgba(126,190,197,0)&#8221; background_enable_color=&#8221;on&#8221; background_image=&#8221;https:\/\/playtoon.mx\/wp-content\/uploads\/2024\/11\/DSC09753.jpg&#8221; background_enable_image=&#8221;on&#8221; global_colors_info=&#8221;{}&#8221; sticky_transition=&#8221;on&#8221;][\/et_pb_slide][\/et_pb_fullwidth_slider][\/et_pb_section][et_pb_section fb_built=&#8221;1&#8243; fullwidth=&#8221;on&#8221; _builder_version=&#8221;4.23.1&#8243; _module_preset=&#8221;default&#8221; hover_enabled=&#8221;0&#8243; global_colors_info=&#8221;{}&#8221; module_class=&#8221;container_whatsapp&#8221; sticky_enabled=&#8221;0&#8243;][et_pb_fullwidth_code _builder_version=&#8221;4.23.1&#8243; _module_preset=&#8221;default&#8221; global_colors_info=&#8221;{}&#8221;]<\/p>\n<div class=\"divWhatsappMovil\" ><!-- [et_pb_line_break_holder] -->  <a href=\"https:\/\/wa.me\/529931389767?text=%22%C2%A1Bienvenido%20a%20Punto%20de%20Sal!%20%F0%9F%8D%BD%EF%B8%8F%20Estamos%20encantados%20de%20tenerte%20aqu%C3%AD.%20%C2%BFEn%20qu%C3%A9%20podemos%20ayudarte%20hoy?%22\" target=\"new\" rel=\"noopener\"><img decoding=\"async\" src=\"https:\/\/playtoon.mx\/wp-content\/uploads\/2024\/12\/whatsapp-icon.png\" width=80 height=80 \/><\/a><!-- [et_pb_line_break_holder] --><\/div>\n<p>[\/et_pb_fullwidth_code][\/et_pb_section][et_pb_section fb_built=&#8221;1&#8243; fullwidth=&#8221;on&#8221; disabled_on=&#8221;off|off|on&#8221; _builder_version=&#8221;4.23.1&#8243; _module_preset=&#8221;default&#8221; global_colors_info=&#8221;{}&#8221;][et_pb_fullwidth_slider _builder_version=&#8221;4.23.1&#8243; _module_preset=&#8221;default&#8221; custom_padding=&#8221;||407px|||&#8221; auto=&#8221;on&#8221; auto_speed=&#8221;3000&#8243; global_colors_info=&#8221;{}&#8221;][et_pb_slide _builder_version=&#8221;4.23.1&#8243; _module_preset=&#8221;default&#8221; background_color=&#8221;rgba(126,190,197,0)&#8221; background_enable_color=&#8221;on&#8221; background_image=&#8221;https:\/\/playtoon.mx\/wp-content\/uploads\/2024\/11\/banner_playtoon_01.jpg&#8221; background_enable_image=&#8221;on&#8221; global_colors_info=&#8221;{}&#8221; sticky_transition=&#8221;on&#8221;][\/et_pb_slide][et_pb_slide _builder_version=&#8221;4.23.1&#8243; _module_preset=&#8221;default&#8221; background_color=&#8221;rgba(126,190,197,0)&#8221; background_enable_color=&#8221;on&#8221; background_image=&#8221;https:\/\/playtoon.mx\/wp-content\/uploads\/2024\/11\/DSC09768.jpg&#8221; background_enable_image=&#8221;on&#8221; global_colors_info=&#8221;{}&#8221; sticky_transition=&#8221;on&#8221;][\/et_pb_slide][et_pb_slide _builder_version=&#8221;4.23.1&#8243; _module_preset=&#8221;default&#8221; background_color=&#8221;rgba(126,190,197,0)&#8221; background_enable_color=&#8221;on&#8221; background_image=&#8221;https:\/\/playtoon.mx\/wp-content\/uploads\/2024\/11\/DSC09753.jpg&#8221; background_enable_image=&#8221;on&#8221; global_colors_info=&#8221;{}&#8221; sticky_transition=&#8221;on&#8221;][\/et_pb_slide][et_pb_slide _builder_version=&#8221;4.23.1&#8243; _module_preset=&#8221;default&#8221; background_color=&#8221;rgba(126,190,197,0)&#8221; background_enable_color=&#8221;on&#8221; background_image=&#8221;https:\/\/playtoon.mx\/wp-content\/uploads\/2024\/11\/DSC00123.jpg&#8221; background_enable_image=&#8221;on&#8221; global_colors_info=&#8221;{}&#8221; sticky_transition=&#8221;on&#8221;][\/et_pb_slide][et_pb_slide _builder_version=&#8221;4.23.1&#8243; _module_preset=&#8221;default&#8221; background_color=&#8221;rgba(126,190,197,0)&#8221; background_enable_color=&#8221;on&#8221; background_image=&#8221;https:\/\/playtoon.mx\/wp-content\/uploads\/2024\/11\/DSC00320.jpg&#8221; background_enable_image=&#8221;on&#8221; global_colors_info=&#8221;{}&#8221; sticky_transition=&#8221;on&#8221;][\/et_pb_slide][\/et_pb_fullwidth_slider][\/et_pb_section][et_pb_section fb_built=&#8221;1&#8243; module_class=&#8221;first_section&#8221; _builder_version=&#8221;4.23.1&#8243; _module_preset=&#8221;default&#8221; background_color=&#8221;rgba(255,255,255,0)&#8221; background_image=&#8221;https:\/\/playtoon.mx\/wp-content\/uploads\/2024\/11\/nube_playtoon.png&#8221; background_position=&#8221;top_center&#8221; custom_margin=&#8221;-180px||||false|false&#8221; custom_padding=&#8221;||10px|||&#8221; global_colors_info=&#8221;{}&#8221;][et_pb_row _builder_version=&#8221;4.23.1&#8243; _module_preset=&#8221;default&#8221; custom_padding=&#8221;||2px|||&#8221; global_colors_info=&#8221;{}&#8221;][et_pb_column type=&#8221;4_4&#8243; _builder_version=&#8221;4.23.1&#8243; _module_preset=&#8221;default&#8221; global_colors_info=&#8221;{}&#8221;][et_pb_image src=&#8221;https:\/\/playtoon.mx\/wp-content\/uploads\/2024\/11\/logo_playtoon.png&#8221; title_text=&#8221;logo_playtoon&#8221; align=&#8221;center&#8221; _builder_version=&#8221;4.23.1&#8243; _module_preset=&#8221;default&#8221; width=&#8221;35%&#8221; width_tablet=&#8221;35%&#8221; width_phone=&#8221;100%&#8221; width_last_edited=&#8221;on|phone&#8221; custom_padding=&#8221;78px||||false|false&#8221; global_colors_info=&#8221;{}&#8221;][\/et_pb_image][\/et_pb_column][\/et_pb_row][\/et_pb_section][et_pb_section fb_built=&#8221;1&#8243; _builder_version=&#8221;4.23.1&#8243; _module_preset=&#8221;default&#8221; custom_padding=&#8221;1px|||||&#8221; global_colors_info=&#8221;{}&#8221;][et_pb_row column_structure=&#8221;1_2,1_2&#8243; _builder_version=&#8221;4.23.1&#8243; _module_preset=&#8221;default&#8221; global_colors_info=&#8221;{}&#8221;][et_pb_column type=&#8221;1_2&#8243; _builder_version=&#8221;4.23.1&#8243; _module_preset=&#8221;default&#8221; global_colors_info=&#8221;{}&#8221;][et_pb_image src=&#8221;https:\/\/playtoon.mx\/wp-content\/uploads\/2024\/11\/quienes.png&#8221; title_text=&#8221;quienes&#8221; _builder_version=&#8221;4.23.1&#8243; _module_preset=&#8221;default&#8221; custom_padding=&#8221;||44px|||&#8221; global_colors_info=&#8221;{}&#8221;][\/et_pb_image][\/et_pb_column][et_pb_column type=&#8221;1_2&#8243; _builder_version=&#8221;4.23.1&#8243; _module_preset=&#8221;default&#8221; global_colors_info=&#8221;{}&#8221;][et_pb_text _builder_version=&#8221;4.23.1&#8243; _module_preset=&#8221;default&#8221; text_font=&#8221;Andika|||on|||||&#8221; text_text_color=&#8221;#EDF000&#8243; header_font=&#8221;||||||||&#8221; header_text_color=&#8221;#E02B20&#8243; custom_margin=&#8221;||-8px|||&#8221; global_colors_info=&#8221;{}&#8221;]<\/p>\n<h3><span style=\"color: #ff0000;\">Playtoon<\/span><\/h3>\n<p>[\/et_pb_text][et_pb_text _builder_version=&#8221;4.23.1&#8243; _module_preset=&#8221;default&#8221; header_font=&#8221;Albert Sans|900||on|||||&#8221; header_font_size=&#8221;35px&#8221; custom_padding=&#8221;11px|||||&#8221; global_colors_info=&#8221;{}&#8221;]<\/p>\n<h1>Celebraciones Inolvidables<\/h1>\n<p>[\/et_pb_text][et_pb_text _builder_version=&#8221;4.23.1&#8243; _module_preset=&#8221;default&#8221; text_font_size=&#8221;16px&#8221; global_colors_info=&#8221;{}&#8221;]<\/p>\n<p>En <em>Playtoon<\/em>, hacemos realidad las celebraciones m\u00e1s inolvidables para los peque\u00f1os y sus familias. Somos un sal\u00f3n de eventos especialmente dise\u00f1ado para ni\u00f1os, creado con pasi\u00f3n y atenci\u00f3n a los detalles, ofreciendo un ambiente lleno de diversi\u00f3n, creatividad y seguridad.<\/p>\n<p>Nuestro objetivo es brindar experiencias m\u00e1gicas que se conviertan en recuerdos \u00fanicos, donde cada celebraci\u00f3n est\u00e9 marcada por la calidad, el profesionalismo y un toque especial de alegr\u00eda.<\/p>\n<p>[\/et_pb_text][et_pb_button button_url=&#8221;https:\/\/solicitud.playtoon.mx\/&#8221; button_text=&#8221;Reservar&#8221; button_alignment=&#8221;center&#8221; _builder_version=&#8221;4.23.1&#8243; _module_preset=&#8221;default&#8221; custom_button=&#8221;on&#8221; button_text_color=&#8221;#FFFFFF&#8221; button_bg_color=&#8221;#0ed2f4&#8243; button_border_width=&#8221;8px&#8221; button_border_radius=&#8221;49px&#8221; button_letter_spacing=&#8221;1px&#8221; custom_padding=&#8221;|50px||50px|false|false&#8221; global_colors_info=&#8221;{}&#8221;][\/et_pb_button][\/et_pb_column][\/et_pb_row][\/et_pb_section][et_pb_section fb_built=&#8221;1&#8243; _builder_version=&#8221;4.23.1&#8243; _module_preset=&#8221;default&#8221; custom_padding=&#8221;||155px|||&#8221; global_colors_info=&#8221;{}&#8221;][et_pb_row column_structure=&#8221;3_5,2_5&#8243; _builder_version=&#8221;4.23.1&#8243; _module_preset=&#8221;default&#8221; global_colors_info=&#8221;{}&#8221;][et_pb_column type=&#8221;3_5&#8243; _builder_version=&#8221;4.23.1&#8243; _module_preset=&#8221;default&#8221; global_colors_info=&#8221;{}&#8221;][et_pb_text _builder_version=&#8221;4.23.1&#8243; _module_preset=&#8221;default&#8221; text_font=&#8221;Andika|||on|||||&#8221; text_text_color=&#8221;#EDF000&#8243; header_font=&#8221;||||||||&#8221; header_text_color=&#8221;#E02B20&#8243; custom_margin=&#8221;||-8px|||&#8221; global_colors_info=&#8221;{}&#8221;]<\/p>\n<h3><span style=\"color: #ff0000;\">conoce<\/span><\/h3>\n<p>[\/et_pb_text][et_pb_text _builder_version=&#8221;4.23.1&#8243; _module_preset=&#8221;default&#8221; header_font=&#8221;Albert Sans|900||on|||||&#8221; header_font_size=&#8221;35px&#8221; custom_padding=&#8221;7px|||||&#8221; global_colors_info=&#8221;{}&#8221;]<\/p>\n<h1>Nuestras<\/h1>\n<h1>instalaciones<\/h1>\n<p>[\/et_pb_text][et_pb_text _builder_version=&#8221;4.23.1&#8243; _module_preset=&#8221;default&#8221; text_font_size=&#8221;16px&#8221; custom_padding=&#8221;7px|||||&#8221; global_colors_info=&#8221;{}&#8221;]<\/p>\n<p>En <em>Playtoon<\/em>, contamos con espacios modernos, seguros y totalmente climatizados, dise\u00f1ados para que los ni\u00f1os vivan momentos inolvidables mientras los adultos disfrutan con tranquilidad.<\/p>\n<p>&nbsp;<\/p>\n<ul>\n<li><strong>\u00c1rea de juegos<\/strong>: Desde laberintos y resbaladillas hasta una alberca de pelotas gigante y una zona de camas el\u00e1sticas, aseguramos diversi\u00f3n para todas las edades.<\/li>\n<li><strong>Espacios interactivos<\/strong>: Juegos de destreza, bloques de foamy, jenga gigante, y un \u00e1rea especial para beb\u00e9s y ni\u00f1os peque\u00f1os.<\/li>\n<li><strong>Escenario y zona para pi\u00f1atas<\/strong>: Perfecto para fotos, pastel y el momento m\u00e1s esperado.<\/li>\n<li><strong>Comodidad para los invitados<\/strong>: Estacionamiento privado, circuito cerrado para mayor seguridad y un equipo de apoyo dedicado a tu evento.<\/li>\n<\/ul>\n<p>[\/et_pb_text][\/et_pb_column][et_pb_column type=&#8221;2_5&#8243; _builder_version=&#8221;4.23.1&#8243; _module_preset=&#8221;default&#8221; global_colors_info=&#8221;{}&#8221;][et_pb_gallery gallery_ids=&#8221;75,76,77,78,79,80,81,82,83,84,85,86,87,88,89,90,91,92&#8243; gallery_orderby=&#8221;rand&#8221; fullwidth=&#8221;on&#8221; _builder_version=&#8221;4.23.1&#8243; _module_preset=&#8221;default&#8221; custom_padding=&#8221;10px|10px|10px|10px|false|false&#8221; auto=&#8221;on&#8221; auto_speed=&#8221;2000&#8243; border_radii=&#8221;on|20px|20px|20px|20px&#8221; global_colors_info=&#8221;{}&#8221;][\/et_pb_gallery][\/et_pb_column][\/et_pb_row][\/et_pb_section][et_pb_section fb_built=&#8221;1&#8243; _builder_version=&#8221;4.23.1&#8243; _module_preset=&#8221;default&#8221; background_color=&#8221;#0ec9ea&#8221; custom_padding=&#8221;65px||80px||false|false&#8221; global_colors_info=&#8221;{}&#8221;][et_pb_row column_structure=&#8221;3_5,2_5&#8243; _builder_version=&#8221;4.23.1&#8243; _module_preset=&#8221;default&#8221; global_colors_info=&#8221;{}&#8221;][et_pb_column type=&#8221;3_5&#8243; _builder_version=&#8221;4.23.1&#8243; _module_preset=&#8221;default&#8221; global_colors_info=&#8221;{}&#8221;][et_pb_text _builder_version=&#8221;4.23.1&#8243; _module_preset=&#8221;default&#8221; header_font=&#8221;Andika|700|||||||&#8221; header_text_color=&#8221;#FFFFFF&#8221; header_font_size=&#8221;42px&#8221; global_colors_info=&#8221;{}&#8221;]<\/p>\n<h1 class=\"et_pb_module_header et-fb-editable-element et-fb-editable-element__editing\" data-shortcode-id=\"5.0-1732925416408\" data-quickaccess-id=\"title\" contenteditable=\"true\">\u00a1Haz que tu fiesta sea tan especial como tus sue\u00f1os!<\/h1>\n<p>[\/et_pb_text][\/et_pb_column][et_pb_column type=&#8221;2_5&#8243; _builder_version=&#8221;4.23.1&#8243; _module_preset=&#8221;default&#8221; global_colors_info=&#8221;{}&#8221;][et_pb_image src=&#8221;https:\/\/playtoon.mx\/wp-content\/uploads\/2024\/11\/cropped-favicon.png&#8221; title_text=&#8221;cropped-favicon.png&#8221; align=&#8221;center&#8221; _builder_version=&#8221;4.23.1&#8243; _module_preset=&#8221;default&#8221; width=&#8221;42%&#8221; global_colors_info=&#8221;{}&#8221;][\/et_pb_image][\/et_pb_column][\/et_pb_row][\/et_pb_section][et_pb_section fb_built=&#8221;1&#8243; _builder_version=&#8221;4.23.1&#8243; _module_preset=&#8221;default&#8221; background_color=&#8221;rgba(255,255,255,0)&#8221; background_image=&#8221;https:\/\/playtoon.mx\/wp-content\/uploads\/2024\/11\/division_playtoon.png&#8221; background_position=&#8221;top_center&#8221; custom_margin=&#8221;-80px||||false|false&#8221; custom_padding=&#8221;||5px|||&#8221; global_colors_info=&#8221;{}&#8221;][\/et_pb_section][et_pb_section fb_built=&#8221;1&#8243; custom_padding_last_edited=&#8221;on|phone&#8221; _builder_version=&#8221;4.23.1&#8243; _module_preset=&#8221;default&#8221; background_color=&#8221;#7c5ea8&#8243; background_image=&#8221;https:\/\/playtoon.mx\/wp-content\/uploads\/2024\/11\/pie_playtoon_02-1.png&#8221; background_size=&#8221;contain&#8221; background_position=&#8221;bottom_left&#8221; background_horizontal_offset=&#8221;-4%&#8221; background_vertical_offset=&#8221;-2%&#8221; custom_padding=&#8221;8px||372px|||&#8221; custom_padding_tablet=&#8221;8px||372px|||&#8221; custom_padding_phone=&#8221;||120px||false|false&#8221; global_colors_info=&#8221;{}&#8221;][et_pb_row column_structure=&#8221;1_2,1_2&#8243; _builder_version=&#8221;4.23.1&#8243; _module_preset=&#8221;default&#8221; custom_padding=&#8221;||46px|||&#8221; global_colors_info=&#8221;{}&#8221;][et_pb_column type=&#8221;1_2&#8243; _builder_version=&#8221;4.23.1&#8243; _module_preset=&#8221;default&#8221; global_colors_info=&#8221;{}&#8221;][et_pb_image src=&#8221;https:\/\/playtoon.mx\/wp-content\/uploads\/2024\/11\/comedor_playtoon.png&#8221; title_text=&#8221;comedor_playtoon&#8221; align=&#8221;center&#8221; _builder_version=&#8221;4.23.1&#8243; _module_preset=&#8221;default&#8221; width=&#8221;84%&#8221; global_colors_info=&#8221;{}&#8221;][\/et_pb_image][\/et_pb_column][et_pb_column type=&#8221;1_2&#8243; _builder_version=&#8221;4.23.1&#8243; _module_preset=&#8221;default&#8221; global_colors_info=&#8221;{}&#8221;][et_pb_text _builder_version=&#8221;4.23.1&#8243; _module_preset=&#8221;default&#8221; header_font=&#8221;Albert Sans|900||on|||||&#8221; header_text_color=&#8221;#FFFFFF&#8221; header_font_size=&#8221;35px&#8221; custom_padding=&#8221;18px|||||&#8221; global_colors_info=&#8221;{}&#8221;]<\/p>\n<h1>CELEBRA CON<\/h1>\n<h1>NOSOTROS<\/h1>\n<p>[\/et_pb_text][et_pb_text _builder_version=&#8221;4.23.1&#8243; _module_preset=&#8221;default&#8221; text_text_color=&#8221;#FFFFFF&#8221; text_font_size=&#8221;16px&#8221; global_colors_info=&#8221;{}&#8221;]<\/p>\n<p>Convierte cada ocasi\u00f3n especial en un momento inolvidable en <em>Playtoon<\/em>. Desde el pastel de cupcakes personalizado hasta las \u00e1reas de juego m\u00e1s din\u00e1micas y un equipo profesional que est\u00e1 contigo en cada paso, cuidamos cada detalle para que t\u00fa solo te preocupes por disfrutar.<\/p>\n<p>Nuestra \u00e1rea de comida garantiza que tanto ni\u00f1os como adultos puedan disfrutar de una experiencia completa y deliciosa. Con servicios extras como pintacaritas, decoraci\u00f3n tem\u00e1tica y video 360, tu celebraci\u00f3n ser\u00e1 \u00fanica, llena de diversi\u00f3n, color y sonrisas.<\/p>\n<p>[\/et_pb_text][et_pb_button button_url=&#8221;https:\/\/solicitud.playtoon.mx\/&#8221; button_text=&#8221;Reservar&#8221; button_alignment=&#8221;center&#8221; _builder_version=&#8221;4.23.1&#8243; _module_preset=&#8221;default&#8221; custom_button=&#8221;on&#8221; button_text_color=&#8221;#FFFFFF&#8221; button_bg_color=&#8221;#0ed2f4&#8243; button_border_width=&#8221;8px&#8221; button_border_radius=&#8221;49px&#8221; button_letter_spacing=&#8221;1px&#8221; custom_padding=&#8221;|50px||50px|false|false&#8221; global_colors_info=&#8221;{}&#8221;][\/et_pb_button][\/et_pb_column][\/et_pb_row][\/et_pb_section]<\/p>\n","protected":false},"excerpt":{"rendered":"<p>PlaytoonCelebraciones InolvidablesEn Playtoon, hacemos realidad las celebraciones m\u00e1s inolvidables para los peque\u00f1os y sus familias. Somos un sal\u00f3n de eventos especialmente dise\u00f1ado para ni\u00f1os, creado con pasi\u00f3n y atenci\u00f3n a los detalles, ofreciendo un ambiente lleno de diversi\u00f3n, creatividad y seguridad. Nuestro objetivo es brindar experiencias m\u00e1gicas que se conviertan en recuerdos \u00fanicos, donde cada [&hellip;]<\/p>\n","protected":false},"author":1,"featured_media":0,"parent":0,"menu_order":0,"comment_status":"closed","ping_status":"closed","template":"","meta":{"_et_pb_use_builder":"on","_et_pb_old_content":"","_et_gb_content_width":"","footnotes":""},"class_list":["post-6","page","type-page","status-publish","hentry"],"_links":{"self":[{"href":"https:\/\/playtoon.mx\/index.php\/wp-json\/wp\/v2\/pages\/6","targetHints":{"allow":["GET"]}}],"collection":[{"href":"https:\/\/playtoon.mx\/index.php\/wp-json\/wp\/v2\/pages"}],"about":[{"href":"https:\/\/playtoon.mx\/index.php\/wp-json\/wp\/v2\/types\/page"}],"author":[{"embeddable":true,"href":"https:\/\/playtoon.mx\/index.php\/wp-json\/wp\/v2\/users\/1"}],"replies":[{"embeddable":true,"href":"https:\/\/playtoon.mx\/index.php\/wp-json\/wp\/v2\/comments?post=6"}],"version-history":[{"count":56,"href":"https:\/\/playtoon.mx\/index.php\/wp-json\/wp\/v2\/pages\/6\/revisions"}],"predecessor-version":[{"id":137,"href":"https:\/\/playtoon.mx\/index.php\/wp-json\/wp\/v2\/pages\/6\/revisions\/137"}],"wp:attachment":[{"href":"https:\/\/playtoon.mx\/index.php\/wp-json\/wp\/v2\/media?parent=6"}],"curies":[{"name":"wp","href":"https:\/\/api.w.org\/{rel}","templated":true}]}}